{"id":408,"date":"2025-11-27T23:45:47","date_gmt":"2025-11-27T16:45:47","guid":{"rendered":"https:\/\/cozytea.asia\/?page_id=408"},"modified":"2025-11-28T00:04:20","modified_gmt":"2025-11-27T17:04:20","slug":"cua-hang-2","status":"publish","type":"page","link":"https:\/\/cozytea.asia\/?page_id=408","title":{"rendered":"C\u1eecA H\u00c0NG"},"content":{"rendered":"\n<div class=\"row\"  id=\"row-1718654572\">\n\n\n\t<div id=\"col-1059330445\" class=\"col small-12 large-12\"  >\n\t\t\t\t<div class=\"col-inner\"  >\n\t\t\t\n\t\t\t\n\n<h2>H\u1ec7 th\u1ed1ng c\u1eeda h\u00e0ng<\/h2>\n\n\t\t<\/div>\n\t\t\t\t\t<\/div>\n\n\t\n\n<\/div>\n<div class=\"row\"  id=\"row-1461465446\">\n\n\n\t<div id=\"col-389110892\" class=\"col medium-2 small-6 large-2\"  >\n\t\t\t\t<div class=\"col-inner\"  >\n\t\t\t\n\t\t\t\n\n\t<div class=\"img has-hover x md-x lg-x y md-y lg-y\" id=\"image_1034722591\">\n\t\t\t\t\t\t\t\t<div class=\"img-inner dark\" >\n\t\t\t<img fetchpriority=\"high\" decoding=\"async\" width=\"225\" height=\"225\" src=\"https:\/\/cozytea.asia\/wp-content\/uploads\/2025\/11\/images.png\" class=\"attachment-large size-large\" alt=\"\" srcset=\"https:\/\/cozytea.asia\/wp-content\/uploads\/2025\/11\/images.png 225w, https:\/\/cozytea.asia\/wp-content\/uploads\/2025\/11\/images-150x150.png 150w, https:\/\/cozytea.asia\/wp-content\/uploads\/2025\/11\/images-100x100.png 100w\" sizes=\"(max-width: 225px) 100vw, 225px\" \/>\t\t\t\t\t\t\n\t\t\t\t\t<\/div>\n\t\t\t\t\t\t\t\t\n<style>\n#image_1034722591 {\n  width: 100%;\n}\n<\/style>\n\t<\/div>\n\t\n\n\n\t\t<\/div>\n\t\t\t\t\t<\/div>\n\n\t\n\n\t<div id=\"col-1119195607\" class=\"col medium-4 small-6 large-4\"  >\n\t\t\t\t<div class=\"col-inner\"  >\n\t\t\t\n\t\t\t\n\n\t<div id=\"text-2948698022\" class=\"text\">\n\t\t\n\n<h5>T\u00ean c\u1eeda h\u00e0ng: Vinbar \u2013 Nguy\u00ean Li\u1ec7u Pha Ch\u1ebf<br \/>\u0110\u1ecba ch\u1ec9: S\u1ed1 10, \u0110\u01b0\u1eddng S\u1ed1 1, C\u01b0 X\u00e1 \u0110\u00f4 Th\u00e0nh, P.4, Qu\u1eadn 3, TP. HCM.<br \/>S\u0110T: 0907.095.295 \u0111\u1ec3 \u0111\u1eb7t h\u00e0ng<\/h5>\n\t\t\n<style>\n#text-2948698022 {\n  font-size: 1.15rem;\n}\n<\/style>\n\t<\/div>\n\t\n\n\t\t<\/div>\n\t\t\t\t\t<\/div>\n\n\t\n\n\t<div id=\"col-884135524\" class=\"col medium-2 small-6 large-2\"  >\n\t\t\t\t<div class=\"col-inner\"  >\n\t\t\t\n\t\t\t\n\n\t<div class=\"img has-hover x md-x lg-x y md-y lg-y\" id=\"image_263063282\">\n\t\t\t\t\t\t\t\t<div class=\"img-inner dark\" >\n\t\t\t<img decoding=\"async\" width=\"225\" height=\"225\" src=\"https:\/\/cozytea.asia\/wp-content\/uploads\/2025\/11\/images-1.png\" class=\"attachment-large size-large\" alt=\"\" srcset=\"https:\/\/cozytea.asia\/wp-content\/uploads\/2025\/11\/images-1.png 225w, https:\/\/cozytea.asia\/wp-content\/uploads\/2025\/11\/images-1-150x150.png 150w, https:\/\/cozytea.asia\/wp-content\/uploads\/2025\/11\/images-1-100x100.png 100w\" sizes=\"(max-width: 225px) 100vw, 225px\" \/>\t\t\t\t\t\t\n\t\t\t\t\t<\/div>\n\t\t\t\t\t\t\t\t\n<style>\n#image_263063282 {\n  width: 100%;\n}\n<\/style>\n\t<\/div>\n\t\n\n\n\t\t<\/div>\n\t\t\t\t\t<\/div>\n\n\t\n\n\t<div id=\"col-1161747762\" class=\"col medium-4 small-6 large-4\"  >\n\t\t\t\t<div class=\"col-inner\"  >\n\t\t\t\n\t\t\t\n\n\t<div id=\"text-1857690127\" class=\"text\">\n\t\t\n\n<h5>\u0110\u1ecba ch\u1ec9: L\u00ea V\u0103n S\u1ef9, Qu\u1eadn 3, TP.HCM<br \/>C\u00e1ch mua: L\u1ea5y tr\u1ef1c ti\u1ebfp, m\u1ed9t s\u1ed1 combo c\u00f3 tr\u00ean app Circle K<\/h5>\n\t\t\n<style>\n#text-1857690127 {\n  font-size: 1.15rem;\n}\n<\/style>\n\t<\/div>\n\t\n\n\t\t<\/div>\n\t\t\t\t\t<\/div>\n\n\t\n\n<\/div>\n<div class=\"row\"  id=\"row-1351802344\">\n\n\n\t<div id=\"col-413651678\" class=\"col medium-2 small-6 large-2\"  >\n\t\t\t\t<div class=\"col-inner\"  >\n\t\t\t\n\t\t\t\n\n\t<div class=\"img has-hover x md-x lg-x y md-y lg-y\" id=\"image_437109550\">\n\t\t\t\t\t\t\t\t<div class=\"img-inner dark\" >\n\t\t\t<img decoding=\"async\" width=\"225\" height=\"225\" src=\"https:\/\/cozytea.asia\/wp-content\/uploads\/2025\/11\/images-2.png\" class=\"attachment-large size-large\" alt=\"\" srcset=\"https:\/\/cozytea.asia\/wp-content\/uploads\/2025\/11\/images-2.png 225w, https:\/\/cozytea.asia\/wp-content\/uploads\/2025\/11\/images-2-150x150.png 150w, https:\/\/cozytea.asia\/wp-content\/uploads\/2025\/11\/images-2-100x100.png 100w\" sizes=\"(max-width: 225px) 100vw, 225px\" \/>\t\t\t\t\t\t\n\t\t\t\t\t<\/div>\n\t\t\t\t\t\t\t\t\n<style>\n#image_437109550 {\n  width: 100%;\n}\n<\/style>\n\t<\/div>\n\t\n\n\n\t\t<\/div>\n\t\t\t\t\t<\/div>\n\n\t\n\n\t<div id=\"col-1854857638\" class=\"col medium-4 small-6 large-4\"  >\n\t\t\t\t<div class=\"col-inner\"  >\n\t\t\t\n\t\t\t\n\n\t<div id=\"text-2090107172\" class=\"text\">\n\t\t\n\n<h5>T\u00ean c\u1eeda h\u00e0ng: GS25 &#8211; L\u1ea5y tr\u1ef1c ti\u1ebfp, m\u1ed9t s\u1ed1 combo c\u00f3 s\u1eb5n t\u1ea1i c\u1eeda h\u00e0ng<br \/>\u0110\u1ecba ch\u1ec9: S\u1ed1 82, \u0110\u01b0\u1eddng S\u1ed1 1, C\u01b0 X\u00e1 \u0110\u00f4 Th\u00e0nh, P.7, Qu\u1eadn 3, TP. HCM.<br \/>S\u0110T: 0907.095.295 \u0111\u1ec3 \u0111\u1eb7t h\u00e0ng<\/h5>\n\n\t\t\n<style>\n#text-2090107172 {\n  font-size: 1.15rem;\n}\n<\/style>\n\t<\/div>\n\t\n\n\t\t<\/div>\n\t\t\t\t\t<\/div>\n\n\t\n\n\t<div id=\"col-505080458\" class=\"col medium-2 small-6 large-2\"  >\n\t\t\t\t<div class=\"col-inner\"  >\n\t\t\t\n\t\t\t\n\n\t<div class=\"img has-hover x md-x lg-x y md-y lg-y\" id=\"image_1569981999\">\n\t\t\t\t\t\t\t\t<div class=\"img-inner dark\" >\n\t\t\t<img loading=\"lazy\" decoding=\"async\" width=\"225\" height=\"225\" src=\"https:\/\/cozytea.asia\/wp-content\/uploads\/2025\/11\/images-3.png\" class=\"attachment-large size-large\" alt=\"\" srcset=\"https:\/\/cozytea.asia\/wp-content\/uploads\/2025\/11\/images-3.png 225w, https:\/\/cozytea.asia\/wp-content\/uploads\/2025\/11\/images-3-150x150.png 150w, https:\/\/cozytea.asia\/wp-content\/uploads\/2025\/11\/images-3-100x100.png 100w\" sizes=\"(max-width: 225px) 100vw, 225px\" \/>\t\t\t\t\t\t\n\t\t\t\t\t<\/div>\n\t\t\t\t\t\t\t\t\n<style>\n#image_1569981999 {\n  width: 100%;\n}\n<\/style>\n\t<\/div>\n\t\n\n\n\t\t<\/div>\n\t\t\t\t\t<\/div>\n\n\t\n\n\t<div id=\"col-1782032793\" class=\"col medium-4 small-6 large-4\"  >\n\t\t\t\t<div class=\"col-inner\"  >\n\t\t\t\n\t\t\t\n\n\t<div id=\"text-1501981528\" class=\"text\">\n\t\t\n\n<h5>\u0110\u1ecba ch\u1ec9: L\u00ea V\u0103n S\u1ef9, Qu\u1eadn 5, TP.HCM<br \/>C\u00e1ch mua: L\u1ea5y tr\u1ef1c ti\u1ebfp, m\u1ed9t s\u1ed1 combo c\u00f3 tr\u00ean app SevenEleven<\/h5>\n\t\t\n<style>\n#text-1501981528 {\n  font-size: 1.15rem;\n}\n<\/style>\n\t<\/div>\n\t\n\n\t\t<\/div>\n\t\t\t\t\t<\/div>\n\n\t\n\n<\/div>\n<div class=\"row\"  id=\"row-7842048\">\n\n\n\t<div id=\"col-476371448\" class=\"col medium-2 small-6 large-2\"  >\n\t\t\t\t<div class=\"col-inner\"  >\n\t\t\t\n\t\t\t\n\n\t<div class=\"img has-hover x md-x lg-x y md-y lg-y\" id=\"image_2117293520\">\n\t\t\t\t\t\t\t\t<div class=\"img-inner dark\" >\n\t\t\t<img loading=\"lazy\" decoding=\"async\" width=\"225\" height=\"225\" src=\"https:\/\/cozytea.asia\/wp-content\/uploads\/2025\/11\/images-4.png\" class=\"attachment-large size-large\" alt=\"\" srcset=\"https:\/\/cozytea.asia\/wp-content\/uploads\/2025\/11\/images-4.png 225w, https:\/\/cozytea.asia\/wp-content\/uploads\/2025\/11\/images-4-150x150.png 150w, https:\/\/cozytea.asia\/wp-content\/uploads\/2025\/11\/images-4-100x100.png 100w\" sizes=\"(max-width: 225px) 100vw, 225px\" \/>\t\t\t\t\t\t\n\t\t\t\t\t<\/div>\n\t\t\t\t\t\t\t\t\n<style>\n#image_2117293520 {\n  width: 100%;\n}\n<\/style>\n\t<\/div>\n\t\n\n\n\t\t<\/div>\n\t\t\t\t\t<\/div>\n\n\t\n\n\t<div id=\"col-1863892299\" class=\"col medium-4 small-6 large-4\"  >\n\t\t\t\t<div class=\"col-inner\"  >\n\t\t\t\n\t\t\t\n\n\t<div id=\"text-2023817146\" class=\"text\">\n\t\t\n\n<h5>T\u00ean c\u1eeda h\u00e0ng: Winmart \u2013 Nguy\u00ean Li\u1ec7u Pha Ch\u1ebf<br \/>\u0110\u1ecba ch\u1ec9: S\u1ed1 10, \u0110\u01b0\u1eddng S\u1ed1 9, C\u01b0 X\u00e1 \u0110\u00f4 Th\u00e0nh, P.2, G\u00f2 V\u1ea5p, TP. HCM.<br \/>S\u0110T: 0907.095.295 \u0111\u1ec3 \u0111\u1eb7t h\u00e0ng<\/h5>\n\t\t\n<style>\n#text-2023817146 {\n  font-size: 1.15rem;\n}\n<\/style>\n\t<\/div>\n\t\n\n\t\t<\/div>\n\t\t\t\t\t<\/div>\n\n\t\n\n\t<div id=\"col-1621751055\" class=\"col medium-2 small-6 large-2\"  >\n\t\t\t\t<div class=\"col-inner\"  >\n\t\t\t\n\t\t\t\n\n\t<div class=\"img has-hover x md-x lg-x y md-y lg-y\" id=\"image_977146165\">\n\t\t\t\t\t\t\t\t<div class=\"img-inner dark\" >\n\t\t\t<img loading=\"lazy\" decoding=\"async\" width=\"360\" height=\"250\" src=\"https:\/\/cozytea.asia\/wp-content\/uploads\/2025\/11\/7302_logo8c1ffjpg.jpg\" class=\"attachment-large size-large\" alt=\"\" srcset=\"https:\/\/cozytea.asia\/wp-content\/uploads\/2025\/11\/7302_logo8c1ffjpg.jpg 360w, https:\/\/cozytea.asia\/wp-content\/uploads\/2025\/11\/7302_logo8c1ffjpg-300x208.jpg 300w\" sizes=\"(max-width: 360px) 100vw, 360px\" \/>\t\t\t\t\t\t\n\t\t\t\t\t<\/div>\n\t\t\t\t\t\t\t\t\n<style>\n#image_977146165 {\n  width: 100%;\n}\n<\/style>\n\t<\/div>\n\t\n\n\n\t\t<\/div>\n\t\t\t\t\t<\/div>\n\n\t\n\n\t<div id=\"col-1002058065\" class=\"col medium-4 small-6 large-4\"  >\n\t\t\t\t<div class=\"col-inner\"  >\n\t\t\t\n\t\t\t\n\n\t<div id=\"text-2120332437\" class=\"text\">\n\t\t\n\n<h5 class=\"cvGsUA direction-ltr align-start para-style-body\"><span class=\"a_GcMg font-feature-liga-off font-feature-clig-off font-feature-calt-off text-decoration-none text-strikethrough-none\">\u0110\u1ecba ch\u1ec9: C\u1ed9ng H\u00f2a, T\u00e2n B\u00ecnh, TP.HCM<\/span><\/h5>\n<h5 class=\"cvGsUA direction-ltr align-start para-style-body\"><span class=\"a_GcMg font-feature-liga-off font-feature-clig-off font-feature-calt-off text-decoration-none text-strikethrough-none\">C\u00e1ch mua: Tr\u1ef1c ti\u1ebfp ho\u1eb7c mua online tr\u00ean website Co.opmart<\/span><\/h5>\n\t\t\n<style>\n#text-2120332437 {\n  font-size: 1.15rem;\n}\n<\/style>\n\t<\/div>\n\t\n\n\t\t<\/div>\n\t\t\t\t\t<\/div>\n\n\t\n\n<\/div>\n\n","protected":false},"excerpt":{"rendered":"","protected":false},"author":5,"featured_media":0,"parent":0,"menu_order":0,"comment_status":"closed","ping_status":"closed","template":"","meta":{"footnotes":""},"class_list":["post-408","page","type-page","status-publish","hentry"],"_links":{"self":[{"href":"https:\/\/cozytea.asia\/index.php?rest_route=\/wp\/v2\/pages\/408","targetHints":{"allow":["GET"]}}],"collection":[{"href":"https:\/\/cozytea.asia\/index.php?rest_route=\/wp\/v2\/pages"}],"about":[{"href":"https:\/\/cozytea.asia\/index.php?rest_route=\/wp\/v2\/types\/page"}],"author":[{"embeddable":true,"href":"https:\/\/cozytea.asia\/index.php?rest_route=\/wp\/v2\/users\/5"}],"replies":[{"embeddable":true,"href":"https:\/\/cozytea.asia\/index.php?rest_route=%2Fwp%2Fv2%2Fcomments&post=408"}],"version-history":[{"count":2,"href":"https:\/\/cozytea.asia\/index.php?rest_route=\/wp\/v2\/pages\/408\/revisions"}],"predecessor-version":[{"id":418,"href":"https:\/\/cozytea.asia\/index.php?rest_route=\/wp\/v2\/pages\/408\/revisions\/418"}],"wp:attachment":[{"href":"https:\/\/cozytea.asia\/index.php?rest_route=%2Fwp%2Fv2%2Fmedia&parent=408"}],"curies":[{"name":"wp","href":"https:\/\/api.w.org\/{rel}","templated":true}]}}